{"id":903,"date":"2020-01-17T15:11:58","date_gmt":"2020-01-17T20:11:58","guid":{"rendered":"https:\/\/bellissimmo-homestagingmontreal.com\/?page_id=903"},"modified":"2020-01-17T15:16:07","modified_gmt":"2020-01-17T20:16:07","slug":"services","status":"publish","type":"page","link":"https:\/\/bellissimmo-homestagingmontreal.com\/fr\/services\/","title":{"rendered":"Services"},"content":{"rendered":"<div class=\"wpb-content-wrapper\"><section class=\"wpb_row vc_row-fluid vc_custom_1453975735934\"><div class=\"container\"><div class=\"row\"><div class=\"wpb_column vc_column_container vc_col-sm-12\"><div class=\"vc_column-inner\"><div class=\"wpb_wrapper\"  ><!-- Element: OT Services Grid -->\n<div id=\"services-masonry\" class=\"masonry row service-grid\">\n\t\n\t<div class=\"col-md-3 item\">\n\t\t\n\t\t\t\t\t\n\t\t\t<h3><a href=\"https:\/\/bellissimmo-homestagingmontreal.com\/fr\/service\/consulting\/\">Consultation<\/a><\/h3>\n\t\t\t<div class=\"service-excerpt\"><p>Si vous avez besoin de \u00abstaging \u00bb, de \u00abrelooking\u00bb ou de design d\u2019int\u00e9rieur, mais que vous \u00eates plut\u00f4t du genre \u00e0 mettre la main \u00e0 la p\u00e2te ou que votre budget ne vous le permet pas, nous offrons un service de consultation. Nous vous fournirons une liste de recommandations et les outils n\u00e9cessaire afin que vous parveniez \u00e0 vos fins. <\/br><\/br><\/p>\n<\/div>\n\t\t\t\t\t\t\t\t\t\t<div class=\"spacer-single\"><\/div>\t\t\t\n\t\t\t\t<a href=\"https:\/\/bellissimmo-homestagingmontreal.com\/fr\/service\/consulting\/\" class=\"btn-line btn-fullwidth\">Les d\u00e9tails<\/a>\t\t\n\t\t\t\n\t\t\n\t<\/div>\n\n\t\n\t<div class=\"col-md-3 item\">\n\t\t\n\t\t\t\t\t\n\t\t\t<h3><a href=\"https:\/\/bellissimmo-homestagingmontreal.com\/fr\/service\/relooking\/\">Relooking<\/a><\/h3>\n\t\t\t<div class=\"service-excerpt\"><p>Many of us have lived in our homes for years and have trouble parting with or sorting through all our memories. That\u2019s why we\u2019re here to help. We carefully curating your belongings to create a neutral, inviting space that speaks to home buyers. <\/br><\/br><\/p>\n<\/div>\n\t\t\t\t\t\t\t\t\t\t<div class=\"spacer-single\"><\/div>\t\t\t\n\t\t\t\t<a href=\"https:\/\/bellissimmo-homestagingmontreal.com\/fr\/service\/relooking\/\" class=\"btn-line btn-fullwidth\">Les d\u00e9tails<\/a>\t\t\n\t\t\t\n\t\t\n\t<\/div>\n\n\t\n\t<div class=\"col-md-3 item\">\n\t\t\n\t\t\t\t\t\n\t\t\t<h3><a href=\"https:\/\/bellissimmo-homestagingmontreal.com\/fr\/service\/staging\/\">Staging<\/a><\/h3>\n\t\t\t<div class=\"service-excerpt\"><p>We create an inviting atmosphere in your home: a blank canvas that potential buyers can more easily see themselves living in. The cost of home staging ranges from only 1 to 2% of the property value, but can increase your final sale price by up to 17%! On top of that, staged properties are proven to sell faster.<\/p>\n<\/div>\n\t\t\t\t\t\t\t\t\t\t<div class=\"spacer-single\"><\/div>\t\t\t\n\t\t\t\t<a href=\"https:\/\/bellissimmo-homestagingmontreal.com\/fr\/service\/staging\/\" class=\"btn-line btn-fullwidth\">Les d\u00e9tails<\/a>\t\t\n\t\t\t\n\t\t\n\t<\/div>\n\n\t\n\t<div class=\"col-md-3 item\">\n\t\t\n\t\t\t\t\t\n\t\t\t<h3><a href=\"https:\/\/bellissimmo-homestagingmontreal.com\/fr\/service\/interior-design\/\">Design d'int\u00e9rieur<\/a><\/h3>\n\t\t\t<div class=\"service-excerpt\"><p>Maybe it\u2019s just time for a change? Maybe you know what you want but have trouble achieving that look or feel?  Or maybe you have a hard time sorting through your beautiful items to make them stand out and fit in with each other?<\/br><\/br><\/br><\/p>\n<\/div>\n\t\t\t\t\t\t\t\t\t\t<div class=\"spacer-single\"><\/div>\t\t\t\n\t\t\t\t<a href=\"https:\/\/bellissimmo-homestagingmontreal.com\/fr\/service\/interior-design\/\" class=\"btn-line btn-fullwidth\">Les d\u00e9tails<\/a>\t\t\n\t\t\t\n\t\t\n\t<\/div>\n\n\t\t\n<\/div>\t\n\n<\/div><\/div><\/div><\/div><\/div><\/section><section class=\"wpb_row vc_row-fluid call-to-action bg-color dark text-center vc_custom_1453975666551\"><div class=\"container\"><div class=\"row\"><div class=\"wpb_column vc_column_container vc_col-sm-12\"><div class=\"vc_column-inner\"><div class=\"wpb_wrapper\"  >\t\t\t\n\t<!-- Element: OT Button --> \n\t\t\t<a href=\"\/fr\/contact\/\" target=\"_self\" class=\"btn btn-line-black btn-big\">Contactez-nous<\/a>\n\t    \n<\/div><\/div><\/div><\/div><\/div><\/section>\n<\/div>","protected":false},"excerpt":{"rendered":"The Benefits of Interior Design Maybe it\u2019s just time for a change? Maybe you know what you want but have trouble achieving that look or feel? Or maybe you have a hard time sorting through your beautiful items to make them stand out and fit in with each other? Whether it\u2019s for a new space [...]","protected":false},"author":1,"featured_media":0,"parent":0,"menu_order":0,"comment_status":"closed","ping_status":"closed","template":"page-templates\/template-fullwidth.php","meta":{"nf_dc_page":"","om_disable_all_campaigns":false,"footnotes":""},"class_list":["post-903","page","type-page","status-publish","hentry"],"_links":{"self":[{"href":"https:\/\/bellissimmo-homestagingmontreal.com\/fr\/wp-json\/wp\/v2\/pages\/903","targetHints":{"allow":["GET"]}}],"collection":[{"href":"https:\/\/bellissimmo-homestagingmontreal.com\/fr\/wp-json\/wp\/v2\/pages"}],"about":[{"href":"https:\/\/bellissimmo-homestagingmontreal.com\/fr\/wp-json\/wp\/v2\/types\/page"}],"author":[{"embeddable":true,"href":"https:\/\/bellissimmo-homestagingmontreal.com\/fr\/wp-json\/wp\/v2\/users\/1"}],"replies":[{"embeddable":true,"href":"https:\/\/bellissimmo-homestagingmontreal.com\/fr\/wp-json\/wp\/v2\/comments?post=903"}],"version-history":[{"count":4,"href":"https:\/\/bellissimmo-homestagingmontreal.com\/fr\/wp-json\/wp\/v2\/pages\/903\/revisions"}],"predecessor-version":[{"id":921,"href":"https:\/\/bellissimmo-homestagingmontreal.com\/fr\/wp-json\/wp\/v2\/pages\/903\/revisions\/921"}],"wp:attachment":[{"href":"https:\/\/bellissimmo-homestagingmontreal.com\/fr\/wp-json\/wp\/v2\/media?parent=903"}],"curies":[{"name":"wp","href":"https:\/\/api.w.org\/{rel}","templated":true}]}}