{"id":653,"date":"2017-09-13T04:45:56","date_gmt":"2017-09-13T04:45:56","guid":{"rendered":"http:\/\/demo.archiwp.com\/fresh-version\/?page_id=653"},"modified":"2020-04-07T16:16:50","modified_gmt":"2020-04-07T20:16:50","slug":"how-we-work-with","status":"publish","type":"page","link":"https:\/\/bellissimmo-homestagingmontreal.com\/fr\/how-we-work-with\/","title":{"rendered":"Avec qui travaillons-nous?"},"content":{"rendered":"<div class=\"wpb-content-wrapper\"><section class=\"wpb_row vc_row-fluid vc_custom_1586290607068 vc_row-has-fill vc_row-o-equal-height vc_row-o-content-middle vc_row-flex\"><div class=\"container\"><div class=\"row\"><div class=\"wpb_column vc_column_container vc_col-sm-3 vc_col-has-fill\"><div class=\"vc_column-inner vc_custom_1580084229804\"><div class=\"wpb_wrapper wow fadeIn\"  >\n\t<div class=\"wpb_text_column wpb_content_element vc_custom_1580084341067\" >\n\t\t<div class=\"wpb_wrapper\">\n\t\t\t<h2 style=\"text-align: right;\" class=\"translation-block\">Avec<br>qui<br>travaillons-<br>nous?<\/h2>\n\n\t\t<\/div>\n\t<\/div>\n\n\t<div class=\"wpb_text_column wpb_content_element vc_custom_1580081556245\" >\n\t\t<div class=\"wpb_wrapper\">\n\t\t\t<h3><span style=\"color: #000000;\"><a style=\"color: #000000;\" href=\"https:\/\/bellissimmo-homestagingmontreal.com\/fr\/service\/expats-relocation-firms\/\">\u2708 Firmes de relocalisation &amp; d'expatri\u00e9s<\/a><\/span><\/h3>\n<p>No-fuss moving to Montreal in a fully set up home that suits your style : from the Tylenols in the bathroom to the generous sofa in the lounge, food in the fridge to mattresses that are hand-picked to your specifications. \u00a0 <a href=\"https:\/\/bellissimmo-homestagingmontreal.com\/fr\/how-we-work-with\/expats-relocation-firms\/\"><span style=\"color: #fab207;\">\u276f<\/span><\/a><\/p>\n\n\t\t<\/div>\n\t<\/div>\n<\/div><\/div><\/div><div class=\"wpb_column vc_column_container vc_col-sm-3 vc_col-has-fill\"><div class=\"vc_column-inner vc_custom_1579309520234\"><div class=\"wpb_wrapper\"  >\n\t<div class=\"wpb_text_column wpb_content_element\" >\n\t\t<div class=\"wpb_wrapper\">\n\t\t\t<h3><a href=\"https:\/\/bellissimmo-homestagingmontreal.com\/fr\/service\/contractors\/\"><span style=\"color: #000000;\">Contracteurs<\/span><\/a><\/h3>\n<p>Nous vous permettons de vous concentrer sur la livraison de votre mandat, pendant que nous aidons vos clients \u00e0 se pr\u00e9parer \u00e0 la prochaine \u00e9tape. En leur fournissant un service cl\u00e9 en main vous ajoutez une plus value \u00e0 votre offre de service tout en aidant vos clients \u00e0 faire la transition \u00e0 t\u00eate repos\u00e9e. \u00a0 <a href=\"https:\/\/bellissimmo-homestagingmontreal.com\/fr\/how-we-work-with\/contractors\/\"><span style=\"color: #fab207;\">\u276f<\/span><\/a><\/p>\n\n\t\t<\/div>\n\t<\/div>\n\n\t<div class=\"wpb_text_column wpb_content_element vc_custom_1580081523470\" >\n\t\t<div class=\"wpb_wrapper\">\n\t\t\t<h3><span style=\"color: #000000;\"><a style=\"color: #000000;\" href=\"https:\/\/bellissimmo-homestagingmontreal.com\/fr\/service\/landlords\/\">Propri\u00e9taires d'immeubles r\u00e9sidentiels<\/a><\/span><\/h3>\n<p>Lorsque vous avez des logements non lou\u00e9s, tous les jours qui passent sont une perte de revenus.  Notre approche est de fournir un \u00ab Staging \u00bb au go\u00fbt du jour qui vous permettra de louer vos appartements ou condos plus rapidement que s\u2019ils demeuraient vides.  La diff\u00e9rence est une question de jours et non plus de mois! \u00a0 <a href=\"https:\/\/bellissimmo-homestagingmontreal.com\/fr\/how-we-work-with\/landlords\/\"><span style=\"color: #fab207;\">\u276f<\/span><\/a><\/p>\n\n\t\t<\/div>\n\t<\/div>\n<\/div><\/div><\/div><div class=\"wpb_column vc_column_container vc_col-sm-3 vc_col-has-fill\"><div class=\"vc_column-inner vc_custom_1579309836204\"><div class=\"wpb_wrapper\"  >\n\t<div class=\"wpb_text_column wpb_content_element vc_custom_1580081482184\" >\n\t\t<div class=\"wpb_wrapper\">\n\t\t\t<h3><a href=\"https:\/\/bellissimmo-homestagingmontreal.com\/fr\/service\/home-sellers\/\"><span style=\"color: #000000;\">Propri\u00e9taires de maison<\/span><\/a><\/h3>\n<p>Struggling to declutter or pack up years of precious keepsakes? Or your home just isn\u2019t selling after months on the market? Let us guide you through the process, stress free, and get your property looking its best to increase its value! \u00a0 <span style=\"color: #fab207;\"><a style=\"color: #fab207;\" href=\"https:\/\/bellissimmo-homestagingmontreal.com\/fr\/how-we-work-with\/home-sellers\/\">\u276f<\/a><\/span><\/p>\n\n\t\t<\/div>\n\t<\/div>\n\n\t<div class=\"wpb_text_column wpb_content_element vc_custom_1580081534352\" >\n\t\t<div class=\"wpb_wrapper\">\n\t\t\t<h3><span style=\"color: #000000;\"><a style=\"color: #000000;\" href=\"https:\/\/bellissimmo-homestagingmontreal.com\/fr\/service\/home-flippers\/\">Flippeurs de maison<\/a><\/span><\/h3>\n<p>We can help you get the most bang for your buck by staging empty, newly-renovated properties to show off their full value to prospective buyers. The cost of home staging ranges from only 1 to 2% of the property value, but can increase your final sale price by up to 17%! \u00a0 <a href=\"https:\/\/bellissimmo-homestagingmontreal.com\/fr\/how-we-work-with\/home-flippers\/\"><span style=\"color: #fab207;\">\u276f<\/span><\/a><\/p>\n\n\t\t<\/div>\n\t<\/div>\n<\/div><\/div><\/div><div class=\"wpb_column vc_column_container vc_col-sm-3 vc_col-has-fill\"><div class=\"vc_column-inner vc_custom_1579310567381\"><div class=\"wpb_wrapper\"  >\n\t<div class=\"wpb_text_column wpb_content_element\" >\n\t\t<div class=\"wpb_wrapper\">\n\t\t\t<h3><a href=\"https:\/\/bellissimmo-homestagingmontreal.com\/fr\/service\/home-buyers\/\"><span style=\"color: #000000;\">Acheteurs<\/span><\/a><\/h3>\n<p>Offrez-vous votre nouvelle maison \u00ab design\u00e9 \u00bb \u00e0 votre go\u00fbt, sans stress et pour moins que cela vous co\u00fbterait avec une grande firme de design. Nous offrons un service complet de Design int\u00e9rieurs ainsi qu\u2019un service de consultation pour ceux qui d\u00e9sirent faire le travail eux-m\u00eames. \u00a0 <a href=\"https:\/\/bellissimmo-homestagingmontreal.com\/fr\/how-we-work-with\/home-buyers\/\"><span style=\"color: #fab207;\">\u276f<\/span><\/a><\/p>\n\n\t\t<\/div>\n\t<\/div>\n\n\t<div class=\"wpb_text_column wpb_content_element vc_custom_1580081546386\" >\n\t\t<div class=\"wpb_wrapper\">\n\t\t\t<h3><a href=\"https:\/\/bellissimmo-homestagingmontreal.com\/fr\/service\/real-estates-agents\/\"><span style=\"color: #000000;\">Agents immobiliers<\/span><\/a><\/h3>\n<p>We help you sell homes faster with less effort, and for a higher valuation, by working with your clients to make their homes shine. We make properties more sellable by showcasing their strengths and making it easier for prospective home buyers to visualize themselves in their new home. \u00a0 <a href=\"https:\/\/bellissimmo-homestagingmontreal.com\/fr\/how-we-work-with\/real-estates-agents\/\"><span style=\"color: #fab207;\">\u276f<\/span><\/a><\/p>\n\n\t\t<\/div>\n\t<\/div>\n<\/div><\/div><\/div><\/div><\/div><\/section>\n<\/div>","protected":false},"excerpt":{"rendered":"Who we work with? \u2708 Expats &amp; relocation firms No-fuss moving to Montreal in a fully set up home that suits your style : from the Tylenols in the bathroom to the generous sofa in the lounge, food in the fridge to mattresses that are hand-picked to your specifications. \u00a0 \u276f Contractors We let you [...]","protected":false},"author":1,"featured_media":0,"parent":0,"menu_order":0,"comment_status":"closed","ping_status":"closed","template":"page-templates\/template-fullwidth.php","meta":{"nf_dc_page":"","om_disable_all_campaigns":false,"footnotes":""},"class_list":["post-653","page","type-page","status-publish","hentry"],"_links":{"self":[{"href":"https:\/\/bellissimmo-homestagingmontreal.com\/fr\/wp-json\/wp\/v2\/pages\/653","targetHints":{"allow":["GET"]}}],"collection":[{"href":"https:\/\/bellissimmo-homestagingmontreal.com\/fr\/wp-json\/wp\/v2\/pages"}],"about":[{"href":"https:\/\/bellissimmo-homestagingmontreal.com\/fr\/wp-json\/wp\/v2\/types\/page"}],"author":[{"embeddable":true,"href":"https:\/\/bellissimmo-homestagingmontreal.com\/fr\/wp-json\/wp\/v2\/users\/1"}],"replies":[{"embeddable":true,"href":"https:\/\/bellissimmo-homestagingmontreal.com\/fr\/wp-json\/wp\/v2\/comments?post=653"}],"version-history":[{"count":5,"href":"https:\/\/bellissimmo-homestagingmontreal.com\/fr\/wp-json\/wp\/v2\/pages\/653\/revisions"}],"predecessor-version":[{"id":1315,"href":"https:\/\/bellissimmo-homestagingmontreal.com\/fr\/wp-json\/wp\/v2\/pages\/653\/revisions\/1315"}],"wp:attachment":[{"href":"https:\/\/bellissimmo-homestagingmontreal.com\/fr\/wp-json\/wp\/v2\/media?parent=653"}],"curies":[{"name":"wp","href":"https:\/\/api.w.org\/{rel}","templated":true}]}}