{"id":1182,"date":"2020-01-26T18:19:20","date_gmt":"2020-01-26T23:19:20","guid":{"rendered":"https:\/\/bellissimmo-homestagingmontreal.com\/?page_id=1182"},"modified":"2020-01-30T18:29:26","modified_gmt":"2020-01-30T23:29:26","slug":"real-estates-agents","status":"publish","type":"page","link":"https:\/\/bellissimmo-homestagingmontreal.com\/fr\/how-we-work-with\/real-estates-agents\/","title":{"rendered":"Agents immobiliers"},"content":{"rendered":"<div class=\"wpb-content-wrapper\"><section class=\"wpb_row vc_row-fluid no-padding\"><div class=\"row\"><div class=\"wpb_column vc_column_container vc_col-sm-6\"><div class=\"vc_column-inner\"><div class=\"wpb_wrapper\"  >\n\t<div  class=\"wpb_single_image wpb_content_element vc_align_center wpb_content_element\">\n\t\t\n\t\t<figure class=\"wpb_wrapper vc_figure\">\n\t\t\t<div class=\"vc_single_image-wrapper   vc_box_border_grey\"><img loading=\"lazy\" decoding=\"async\" width=\"1100\" height=\"1100\" src=\"https:\/\/bellissimmo-homestagingmontreal.com\/wp-content\/uploads\/2020\/01\/realestates.jpeg\" class=\"vc_single_image-img attachment-full\" alt=\"\" title=\"realestates\" srcset=\"https:\/\/bellissimmo-homestagingmontreal.com\/wp-content\/uploads\/2020\/01\/realestates.jpeg 1100w, https:\/\/bellissimmo-homestagingmontreal.com\/wp-content\/uploads\/2020\/01\/realestates-300x300.jpeg 300w, https:\/\/bellissimmo-homestagingmontreal.com\/wp-content\/uploads\/2020\/01\/realestates-1024x1024.jpeg 1024w, https:\/\/bellissimmo-homestagingmontreal.com\/wp-content\/uploads\/2020\/01\/realestates-150x150.jpeg 150w, https:\/\/bellissimmo-homestagingmontreal.com\/wp-content\/uploads\/2020\/01\/realestates-768x768.jpeg 768w, https:\/\/bellissimmo-homestagingmontreal.com\/wp-content\/uploads\/2020\/01\/realestates-600x600.jpeg 600w, https:\/\/bellissimmo-homestagingmontreal.com\/wp-content\/uploads\/2020\/01\/realestates-100x100.jpeg 100w\" sizes=\"auto, (max-width: 1100px) 100vw, 1100px\" \/><\/div>\n\t\t<\/figure>\n\t<\/div>\n<\/div><\/div><\/div><div class=\"wpb_column vc_column_container vc_col-sm-6 vc_col-has-fill\"><div class=\"vc_column-inner vc_custom_1580079682117\"><div class=\"wpb_wrapper wow fadeInRight\"  >\n\t<div class=\"wpb_text_column wpb_content_element wpb_animate_when_almost_visible wpb_fadeIn fadeIn vc_custom_1580426952415\" >\n\t\t<div class=\"wpb_wrapper\">\n\t\t\t<h2 style=\"text-align: left;\">Ce qu'on apporte aux agents immobilier<\/h2>\n<p style=\"text-align: justify;\">Nous vous aidons \u00e0 vendre les maisons plus rapidement, sans effort de votre part tout en augmentant la valeur de la propri\u00e9t\u00e9. Nous travaillons conjointement avec vos clients afin de faire briller leur demeure aux yeux des acheteurs. Nous rendons les propri\u00e9t\u00e9s plus faciles \u00e0 vendre en mettant en valeur leur atouts tout en aidant les acheteurs potentiels \u00e0 se voir chez eux dans les maisons de vos clients.<\/p>\n<p style=\"text-align: justify;\">Que vos clients aient simplement besoin de d\u00e9sencombrer leur espace, de \u00abrelooking\u00bb ou n\u00e9cessite un \u00abstaging\u00bb complet, nous cr\u00e9ons un d\u00e9cor accueillant avec l\u2019ameublement ad\u00e9quat. Nous savons comment raviver les espaces et nous savons ce qui vend et ce qui ne vend pas! Nous rendons les petits espaces habitables, les grands espaces paraissent plus chaleureux et invitant, et nos connaissances des tendances en design d'int\u00e9rieurs transforment les d\u00e9cors les plus d\u00e9pass\u00e9s en d\u00e9cors contemporains qui sauront inspirer les acheteurs potentiels.<\/p>\n<h3>Nous pouvons accompagner vos clients<\/h3>\n<p style=\"text-align: justify;\">Bien des clients ont accumul\u00e9 une importante quantit\u00e9 de biens \u00e0 travers le temps et ils se sont habitu\u00e9s \u00e0 vivre dans un certain d\u00e9sordre. Ces clients ne savent par o\u00f9 commencer, c\u2019est une lutte quotidienne qui les d\u00e9courage, ils ont besoin d\u2019aide et ne savent par o\u00f9 commencer. Souvent ces clients exigent plus d\u2019aide que vous \u00eates en mesure de leur fournir. Nous sommes habitu\u00e9es et qualifi\u00e9es pour travailler avec eux. R\u00e9sultats : leur niveau d\u2019anxi\u00e9t\u00e9 diminue et ils se sentent rassur\u00e9 et soudainement plus l\u00e9ger de savoir que des experts travaillent conjointement avec eux dans le but de rendre leur espace attrayant afin d\u2019aller chercher les meilleures offres.<\/p>\n<p style=\"text-align: justify;\">Notre objectif est que notre client commun soit fier de sa propri\u00e9t\u00e9 afin que la vente de celle-ci soit plus significative pour eux... et moins moins de travail pour vous.<\/p>\n<h3 style=\"text-align: left;\">Comment fonctionne-t'on avec les agents immobilier?<\/h3>\n<ol style=\"text-align: left;\">\n<li>Nous nous rencontrons pour vous montrer notre offre et des exemples de notre travail.<\/li>\n<li>Nous prenons en note vos besoins et ceux des propri\u00e9taires en mati\u00e8re de \u00abrelooking\u00bb, \u00abstaging\u00bb ou pour une consultation.<\/li>\n<li>Une fois vos clients rencontr\u00e9s, nous leur fournissons une consultation o\u00f9 nous tenons compte de leurs besoins, de vos exigences et de tous commentaires faits durant les visites pass\u00e9es, s\u2019il y a.<\/li>\n<\/ol>\n<p style=\"text-align: left;\"><strong><a href=\"https:\/\/bellissimmo-homestagingmontreal.com\/fr\/contact\/\">Contactez-nous<\/a><\/strong> et nous serons heureux de discuter des diff\u00e9rentes fa\u00e7ons de collaborer afin d\u2019am\u00e9liorer la performance de vos annonces et de fournir un accompagnement \u00e0 vos clients.<\/p>\n\n\t\t<\/div>\n\t<\/div>\n<\/div><\/div><\/div><\/div><\/section>\n<\/div>","protected":false},"excerpt":{"rendered":"What we do for real estate agents We help you sell homes faster with less effort, and for a higher valuation, by working with your clients to make their homes shine. We make properties more sellable by showcasing their strengths and making it easier for prospective home buyers to visualize themselves in their new home. [...]","protected":false},"author":1,"featured_media":0,"parent":653,"menu_order":0,"comment_status":"closed","ping_status":"closed","template":"page-templates\/template-fullwidth.php","meta":{"nf_dc_page":"","om_disable_all_campaigns":false,"footnotes":""},"class_list":["post-1182","page","type-page","status-publish","hentry"],"_links":{"self":[{"href":"https:\/\/bellissimmo-homestagingmontreal.com\/fr\/wp-json\/wp\/v2\/pages\/1182","targetHints":{"allow":["GET"]}}],"collection":[{"href":"https:\/\/bellissimmo-homestagingmontreal.com\/fr\/wp-json\/wp\/v2\/pages"}],"about":[{"href":"https:\/\/bellissimmo-homestagingmontreal.com\/fr\/wp-json\/wp\/v2\/types\/page"}],"author":[{"embeddable":true,"href":"https:\/\/bellissimmo-homestagingmontreal.com\/fr\/wp-json\/wp\/v2\/users\/1"}],"replies":[{"embeddable":true,"href":"https:\/\/bellissimmo-homestagingmontreal.com\/fr\/wp-json\/wp\/v2\/comments?post=1182"}],"version-history":[{"count":5,"href":"https:\/\/bellissimmo-homestagingmontreal.com\/fr\/wp-json\/wp\/v2\/pages\/1182\/revisions"}],"predecessor-version":[{"id":1261,"href":"https:\/\/bellissimmo-homestagingmontreal.com\/fr\/wp-json\/wp\/v2\/pages\/1182\/revisions\/1261"}],"up":[{"embeddable":true,"href":"https:\/\/bellissimmo-homestagingmontreal.com\/fr\/wp-json\/wp\/v2\/pages\/653"}],"wp:attachment":[{"href":"https:\/\/bellissimmo-homestagingmontreal.com\/fr\/wp-json\/wp\/v2\/media?parent=1182"}],"curies":[{"name":"wp","href":"https:\/\/api.w.org\/{rel}","templated":true}]}}