{"id":1181,"date":"2020-01-26T18:23:46","date_gmt":"2020-01-26T23:23:46","guid":{"rendered":"https:\/\/bellissimmo-homestagingmontreal.com\/?page_id=1181"},"modified":"2020-01-26T18:29:23","modified_gmt":"2020-01-26T23:29:23","slug":"home-flippers","status":"publish","type":"page","link":"https:\/\/bellissimmo-homestagingmontreal.com\/fr\/how-we-work-with\/home-flippers\/","title":{"rendered":"Flippeurs de maison"},"content":{"rendered":"<div class=\"wpb-content-wrapper\"><section class=\"wpb_row vc_row-fluid no-padding\"><div class=\"row\"><div class=\"wpb_column vc_column_container vc_col-sm-6\"><div class=\"vc_column-inner\"><div class=\"wpb_wrapper\"  >\n\t<div  class=\"wpb_single_image wpb_content_element vc_align_center wpb_content_element\">\n\t\t\n\t\t<figure class=\"wpb_wrapper vc_figure\">\n\t\t\t<div class=\"vc_single_image-wrapper   vc_box_border_grey\"><img loading=\"lazy\" decoding=\"async\" width=\"900\" height=\"900\" src=\"https:\/\/bellissimmo-homestagingmontreal.com\/wp-content\/uploads\/2020\/01\/flipping.jpeg\" class=\"vc_single_image-img attachment-full\" alt=\"\" title=\"flipping\" srcset=\"https:\/\/bellissimmo-homestagingmontreal.com\/wp-content\/uploads\/2020\/01\/flipping.jpeg 900w, https:\/\/bellissimmo-homestagingmontreal.com\/wp-content\/uploads\/2020\/01\/flipping-300x300.jpeg 300w, https:\/\/bellissimmo-homestagingmontreal.com\/wp-content\/uploads\/2020\/01\/flipping-150x150.jpeg 150w, https:\/\/bellissimmo-homestagingmontreal.com\/wp-content\/uploads\/2020\/01\/flipping-768x768.jpeg 768w, https:\/\/bellissimmo-homestagingmontreal.com\/wp-content\/uploads\/2020\/01\/flipping-600x600.jpeg 600w, https:\/\/bellissimmo-homestagingmontreal.com\/wp-content\/uploads\/2020\/01\/flipping-100x100.jpeg 100w\" sizes=\"auto, (max-width: 900px) 100vw, 900px\" \/><\/div>\n\t\t<\/figure>\n\t<\/div>\n<\/div><\/div><\/div><div class=\"wpb_column vc_column_container vc_col-sm-6 vc_col-has-fill\"><div class=\"vc_column-inner vc_custom_1580079682117\"><div class=\"wpb_wrapper wow fadeInRight\"  >\n\t<div class=\"wpb_text_column wpb_content_element wpb_animate_when_almost_visible wpb_fadeIn fadeIn vc_custom_1580081361254\" >\n\t\t<div class=\"wpb_wrapper\">\n\t\t\t<h2>Qu\u2019avons-nous \u00e0 offrir aux \u00abflippeurs\u00bb?<\/h2>\n<p style=\"text-align: justify;\">Transformer une propri\u00e9t\u00e9 pour la revendre rapidement, est un grand d\u00e9fi. Si vous le faites de fa\u00e7on r\u00e9guli\u00e8re, vous savez que le temps et les perceptions peuvent \u00eatre deux obstacles entre vous et une bonne marge de profit.<\/p>\n<p style=\"text-align: justify;\">Nous pouvons vous aider \u00e0 maximiser votre profit en faisant un \u00abstaging\u00bb de la nouvelle construction pr\u00e9sentement vide, afin de montrer son plein potentiel aux futurs acheteurs. Le co\u00fbt du \u00abhome staging\u00bb varie de 1 \u00e0 2% de la valeur de la propri\u00e9t\u00e9 mais <b>peut augmenter le prix de vente allant jusqu\u2019\u00e0 17%.<\/b><\/p>\n<p style=\"text-align: justify;\">Si vous \u00abflippez\u00bb de fa\u00e7on r\u00e9guli\u00e8re, avoir des \u00abhome stagers\u00bb disponible \u00e0 travailler avec vous sur de multiples projets favorise un bon retour sur investissement.<\/p>\n<h3 style=\"text-align: left;\">Comment fonctionne-t'on avec les \u00abflippeurs\u00bb?<\/h3>\n<ol>\n<li>Nous nous rencontrons pour vous montrer notre offre et des exemples de notre travail.<\/li>\n<li>Nous prenons en note vos besoins et regardons le genre d\u2019acheteurs vous d\u00e9sirez attirer, ensuite on d\u00e9termine la marche \u00e0 suivre.<\/li>\n<\/ol>\n<p><strong><a href=\"https:\/\/bellissimmo-homestagingmontreal.com\/fr\/contact\/\">Contactez-nous<\/a><\/strong> afin de discuter de vos besoins ainsi que ceux de vos clients.<\/p>\n\n\t\t<\/div>\n\t<\/div>\n<\/div><\/div><\/div><\/div><\/section>\n<\/div>","protected":false},"excerpt":{"rendered":"What we do for flippers Turning a property around quickly and for profit is extremely challenging, and if you\u2019re doing it regularly you know that timing and perception can be two of the biggest hurdles between you and a great margin. We can help you get the most bang for your buck by staging empty, [...]","protected":false},"author":1,"featured_media":0,"parent":653,"menu_order":0,"comment_status":"closed","ping_status":"closed","template":"page-templates\/template-fullwidth.php","meta":{"nf_dc_page":"","om_disable_all_campaigns":false,"footnotes":""},"class_list":["post-1181","page","type-page","status-publish","hentry"],"_links":{"self":[{"href":"https:\/\/bellissimmo-homestagingmontreal.com\/fr\/wp-json\/wp\/v2\/pages\/1181","targetHints":{"allow":["GET"]}}],"collection":[{"href":"https:\/\/bellissimmo-homestagingmontreal.com\/fr\/wp-json\/wp\/v2\/pages"}],"about":[{"href":"https:\/\/bellissimmo-homestagingmontreal.com\/fr\/wp-json\/wp\/v2\/types\/page"}],"author":[{"embeddable":true,"href":"https:\/\/bellissimmo-homestagingmontreal.com\/fr\/wp-json\/wp\/v2\/users\/1"}],"replies":[{"embeddable":true,"href":"https:\/\/bellissimmo-homestagingmontreal.com\/fr\/wp-json\/wp\/v2\/comments?post=1181"}],"version-history":[{"count":4,"href":"https:\/\/bellissimmo-homestagingmontreal.com\/fr\/wp-json\/wp\/v2\/pages\/1181\/revisions"}],"predecessor-version":[{"id":1192,"href":"https:\/\/bellissimmo-homestagingmontreal.com\/fr\/wp-json\/wp\/v2\/pages\/1181\/revisions\/1192"}],"up":[{"embeddable":true,"href":"https:\/\/bellissimmo-homestagingmontreal.com\/fr\/wp-json\/wp\/v2\/pages\/653"}],"wp:attachment":[{"href":"https:\/\/bellissimmo-homestagingmontreal.com\/fr\/wp-json\/wp\/v2\/media?parent=1181"}],"curies":[{"name":"wp","href":"https:\/\/api.w.org\/{rel}","templated":true}]}}