{"id":1175,"date":"2020-01-26T18:12:25","date_gmt":"2020-01-26T23:12:25","guid":{"rendered":"https:\/\/bellissimmo-homestagingmontreal.com\/?page_id=1175"},"modified":"2020-01-26T18:14:27","modified_gmt":"2020-01-26T23:14:27","slug":"landlords","status":"publish","type":"page","link":"https:\/\/bellissimmo-homestagingmontreal.com\/fr\/how-we-work-with\/landlords\/","title":{"rendered":"Propri\u00e9taires d'immeubles r\u00e9sidentiels"},"content":{"rendered":"<div class=\"wpb-content-wrapper\"><section class=\"wpb_row vc_row-fluid no-padding\"><div class=\"row\"><div class=\"wpb_column vc_column_container vc_col-sm-6\"><div class=\"vc_column-inner\"><div class=\"wpb_wrapper\"  >\n\t<div  class=\"wpb_single_image wpb_content_element vc_align_center wpb_content_element\">\n\t\t\n\t\t<figure class=\"wpb_wrapper vc_figure\">\n\t\t\t<div class=\"vc_single_image-wrapper   vc_box_border_grey\"><img loading=\"lazy\" decoding=\"async\" width=\"1100\" height=\"1100\" src=\"https:\/\/bellissimmo-homestagingmontreal.com\/wp-content\/uploads\/2020\/01\/landlords.jpeg\" class=\"vc_single_image-img attachment-full\" alt=\"\" title=\"landlords\" srcset=\"https:\/\/bellissimmo-homestagingmontreal.com\/wp-content\/uploads\/2020\/01\/landlords.jpeg 1100w, https:\/\/bellissimmo-homestagingmontreal.com\/wp-content\/uploads\/2020\/01\/landlords-300x300.jpeg 300w, https:\/\/bellissimmo-homestagingmontreal.com\/wp-content\/uploads\/2020\/01\/landlords-1024x1024.jpeg 1024w, https:\/\/bellissimmo-homestagingmontreal.com\/wp-content\/uploads\/2020\/01\/landlords-150x150.jpeg 150w, https:\/\/bellissimmo-homestagingmontreal.com\/wp-content\/uploads\/2020\/01\/landlords-768x768.jpeg 768w, https:\/\/bellissimmo-homestagingmontreal.com\/wp-content\/uploads\/2020\/01\/landlords-600x600.jpeg 600w, https:\/\/bellissimmo-homestagingmontreal.com\/wp-content\/uploads\/2020\/01\/landlords-100x100.jpeg 100w\" sizes=\"auto, (max-width: 1100px) 100vw, 1100px\" \/><\/div>\n\t\t<\/figure>\n\t<\/div>\n<\/div><\/div><\/div><div class=\"wpb_column vc_column_container vc_col-sm-6 vc_col-has-fill\"><div class=\"vc_column-inner vc_custom_1580079682117\"><div class=\"wpb_wrapper wow fadeInRight\"  >\n\t<div class=\"wpb_text_column wpb_content_element wpb_animate_when_almost_visible wpb_fadeIn fadeIn vc_custom_1580080465378\" >\n\t\t<div class=\"wpb_wrapper\">\n\t\t\t<h2>Ce qu\u2019on apporte aux propri\u00e9taires d'immeubles r\u00e9sidentiels<\/h2>\n<p style=\"text-align: justify;\">Lorsqu'un logement est vide les gens ne saisissent pas les vraies dimensions du logement et focus sur ses imperfections. Si vous avez des appartements ou des condos qui se louent\/vendent difficilement, le \u00abstaging\u00bb fait toute la diff\u00e9rence.<\/p>\n<p style=\"text-align: justify;\">Ceci est sp\u00e9cialement difficile si, apr\u00e8s chaque d\u00e9part de locataire, vous avez investi temps et argent dans la r\u00e9novation. La perception de la valeur de l\u2019espace \u00e0 louer doit rencontrer celle du march\u00e9, et plus souvent qu\u2019autrement le chainon manquant est le \u00abstaging\u00bb. Nous travaillons selon votre c\u00e9dule de r\u00e9novations afin que les logements soient pr\u00eats rapidement pour montrer aux futurs locataires.<\/p>\n<h3>Louer rapidement<\/h3>\n<p style=\"text-align: justify;\">Lorsque vous avez des logements non lou\u00e9s, tous les jours qui passent sont une perte de revenus.  Notre approche est de fournir un \u00ab Staging \u00bb au go\u00fbt du jour qui vous permettra de louer vos appartements ou condos plus rapidement que s\u2019ils demeuraient vides.  La diff\u00e9rence est une question de jours et non plus de mois!<\/p>\n<h3>Comment fonctionne-t'on avec les propri\u00e9taires d'immeubles r\u00e9sidentiels<\/h3>\n<ol>\n<li>Appelez-nous quand vous avez des logements vacants.<\/li>\n<li>Nous nous rencontrons pour une consultation afin de regarder l\u2019espace et discuter de vos besoins et le type de locataires que vous d\u00e9sirez attirer.<\/li>\n<li>Nous commen\u00e7ons le \u00abhome staging\u00bb selon se qui a \u00e9t\u00e9 discuter durant notre discussion et votre horaire.<\/li>\n<\/ol>\n<p><strong><a href=\"https:\/\/bellissimmo-homestagingmontreal.com\/fr\/contact\/\">Contactez-nous<\/a><\/strong> pour planifier une consultation et en apprendre plus sur la fa\u00e7on dont nous pouvons vous aider rapidement!<\/p>\n\n\t\t<\/div>\n\t<\/div>\n<\/div><\/div><\/div><\/div><\/section>\n<\/div>","protected":false},"excerpt":{"rendered":"What we do for landlords People often can\u2019t properly visualise an empty space and they focus on all the imperfections when they see it vacant and empty. If you\u2019re struggling to rent an apartment or condo, staging can help seal the deal with prospective tenants. This is especially challenging if you\u2019ve invested time and resources [...]","protected":false},"author":1,"featured_media":0,"parent":653,"menu_order":0,"comment_status":"closed","ping_status":"closed","template":"page-templates\/template-fullwidth.php","meta":{"nf_dc_page":"","om_disable_all_campaigns":false,"footnotes":""},"class_list":["post-1175","page","type-page","status-publish","hentry"],"_links":{"self":[{"href":"https:\/\/bellissimmo-homestagingmontreal.com\/fr\/wp-json\/wp\/v2\/pages\/1175","targetHints":{"allow":["GET"]}}],"collection":[{"href":"https:\/\/bellissimmo-homestagingmontreal.com\/fr\/wp-json\/wp\/v2\/pages"}],"about":[{"href":"https:\/\/bellissimmo-homestagingmontreal.com\/fr\/wp-json\/wp\/v2\/types\/page"}],"author":[{"embeddable":true,"href":"https:\/\/bellissimmo-homestagingmontreal.com\/fr\/wp-json\/wp\/v2\/users\/1"}],"replies":[{"embeddable":true,"href":"https:\/\/bellissimmo-homestagingmontreal.com\/fr\/wp-json\/wp\/v2\/comments?post=1175"}],"version-history":[{"count":4,"href":"https:\/\/bellissimmo-homestagingmontreal.com\/fr\/wp-json\/wp\/v2\/pages\/1175\/revisions"}],"predecessor-version":[{"id":1180,"href":"https:\/\/bellissimmo-homestagingmontreal.com\/fr\/wp-json\/wp\/v2\/pages\/1175\/revisions\/1180"}],"up":[{"embeddable":true,"href":"https:\/\/bellissimmo-homestagingmontreal.com\/fr\/wp-json\/wp\/v2\/pages\/653"}],"wp:attachment":[{"href":"https:\/\/bellissimmo-homestagingmontreal.com\/fr\/wp-json\/wp\/v2\/media?parent=1175"}],"curies":[{"name":"wp","href":"https:\/\/api.w.org\/{rel}","templated":true}]}}