{"id":1171,"date":"2020-01-26T18:06:23","date_gmt":"2020-01-26T23:06:23","guid":{"rendered":"https:\/\/bellissimmo-homestagingmontreal.com\/?page_id=1171"},"modified":"2020-01-26T19:22:07","modified_gmt":"2020-01-27T00:22:07","slug":"expats-relocation-firms","status":"publish","type":"page","link":"https:\/\/bellissimmo-homestagingmontreal.com\/fr\/how-we-work-with\/expats-relocation-firms\/","title":{"rendered":"\u2708 Firmes de relocalisation &amp; d'expatri\u00e9s"},"content":{"rendered":"<div class=\"wpb-content-wrapper\"><section class=\"wpb_row vc_row-fluid no-padding\"><div class=\"row\"><div class=\"wpb_column vc_column_container vc_col-sm-6\"><div class=\"vc_column-inner\"><div class=\"wpb_wrapper\"  >\n\t<div  class=\"wpb_single_image wpb_content_element vc_align_center wpb_content_element\">\n\t\t\n\t\t<figure class=\"wpb_wrapper vc_figure\">\n\t\t\t<div class=\"vc_single_image-wrapper   vc_box_border_grey\"><img loading=\"lazy\" decoding=\"async\" width=\"744\" height=\"744\" src=\"https:\/\/bellissimmo-homestagingmontreal.com\/wp-content\/uploads\/2020\/01\/expat.jpg\" class=\"vc_single_image-img attachment-full\" alt=\"\" title=\"expat\" srcset=\"https:\/\/bellissimmo-homestagingmontreal.com\/wp-content\/uploads\/2020\/01\/expat.jpg 744w, https:\/\/bellissimmo-homestagingmontreal.com\/wp-content\/uploads\/2020\/01\/expat-300x300.jpg 300w, https:\/\/bellissimmo-homestagingmontreal.com\/wp-content\/uploads\/2020\/01\/expat-150x150.jpg 150w, https:\/\/bellissimmo-homestagingmontreal.com\/wp-content\/uploads\/2020\/01\/expat-600x600.jpg 600w, https:\/\/bellissimmo-homestagingmontreal.com\/wp-content\/uploads\/2020\/01\/expat-100x100.jpg 100w\" sizes=\"auto, (max-width: 744px) 100vw, 744px\" \/><\/div>\n\t\t<\/figure>\n\t<\/div>\n<\/div><\/div><\/div><div class=\"wpb_column vc_column_container vc_col-sm-6 vc_col-has-fill\"><div class=\"vc_column-inner vc_custom_1580079682117\"><div class=\"wpb_wrapper wow fadeInRight\"  >\n\t<div class=\"wpb_text_column wpb_content_element wpb_animate_when_almost_visible wpb_fadeIn fadeIn vc_custom_1580084524449\" >\n\t\t<div class=\"wpb_wrapper\">\n\t\t\t<h2>Ce qu'on apporte aux firmes de relocalisation et aux expatri\u00e9s<\/h2>\n<p style=\"text-align: justify;\">Si trouver une nouvelle r\u00e9sidence dans le quartier qui nous convient le mieux est un d\u00e9fi en soi, le tout se complexifie quand vient le temps de se meubler selon nos crit\u00e8res de vie et d\u2019esth\u00e9tique.<\/p>\n<p style=\"text-align: justify;\">Nous travaillons avec les agences de relocalisation et les expatri\u00e9s eux-m\u00eames, afin de leur assurer que la maison qu\u2019ils ont choisi \u00e0 Montr\u00e9al est \u00e0 la hauteur et qu\u2019elle refl\u00e8te leur style de vie.<\/p>\n<h3 style=\"text-align: left;\">D\u00e9m\u00e9nagez \u00e0 Montr\u00e9al sans tracas<\/h3>\n<p style=\"text-align: justify;\">Les expatri\u00e9s arrivent dans une maison compl\u00e8tement am\u00e9nager pour eux : des Tylenols au sofa, de la nourriture dans le frigo aux matelas qui sont choisis par nous selon les sp\u00e9cifications de chacun de nos clients. Nous nus occupons de tout pour vous.<\/p>\n<h3>Comment fonctionne-t'on avec les firmes de relocalisation et expatri\u00e9s?<\/h3>\n<ol>\n<li>Contactez-nous d\u00e8s que vous avez une relocalisation en vue.<\/li>\n<li>Nous avons une consultation avec vous et\/ou votre client au t\u00e9l\u00e9phone et par courriel afin de r\u00e9pondre \u00e0 certaines questions, d\u2019\u00e9changer des images\/photos d\u2019inspiration, planifier un budget et discuter des requ\u00eates.<\/li>\n<li>Nous commen\u00e7ons le design int\u00e9rieur bas\u00e9 sur l\u2019\u00e9ch\u00e9ancier et le sommaire de nos discussions.<\/li>\n<\/ol>\n<p><strong><a href=\"https:\/\/bellissimmo-homestagingmontreal.com\/fr\/contact\/\">Contactez-nous<\/a><\/strong> afin de r\u00e9server votre consultation et planifier une relocalisation cl\u00e9 en main \u00e0 Montr\u00e9al.<\/p>\n\n\t\t<\/div>\n\t<\/div>\n<\/div><\/div><\/div><\/div><\/section>\n<\/div>","protected":false},"excerpt":{"rendered":"What we do for expats &amp; relocation firms Relocating from afar can be very challenging: it\u2019s difficult enough to find the right home in the right location, but then filling it with well-designed furnishings that meet the families\u2019 needs adds another level of complexity. We work with both relocation firms and expats themselves to ensure [...]","protected":false},"author":1,"featured_media":0,"parent":653,"menu_order":0,"comment_status":"closed","ping_status":"closed","template":"page-templates\/template-fullwidth.php","meta":{"nf_dc_page":"","om_disable_all_campaigns":false,"footnotes":""},"class_list":["post-1171","page","type-page","status-publish","hentry"],"_links":{"self":[{"href":"https:\/\/bellissimmo-homestagingmontreal.com\/fr\/wp-json\/wp\/v2\/pages\/1171","targetHints":{"allow":["GET"]}}],"collection":[{"href":"https:\/\/bellissimmo-homestagingmontreal.com\/fr\/wp-json\/wp\/v2\/pages"}],"about":[{"href":"https:\/\/bellissimmo-homestagingmontreal.com\/fr\/wp-json\/wp\/v2\/types\/page"}],"author":[{"embeddable":true,"href":"https:\/\/bellissimmo-homestagingmontreal.com\/fr\/wp-json\/wp\/v2\/users\/1"}],"replies":[{"embeddable":true,"href":"https:\/\/bellissimmo-homestagingmontreal.com\/fr\/wp-json\/wp\/v2\/comments?post=1171"}],"version-history":[{"count":3,"href":"https:\/\/bellissimmo-homestagingmontreal.com\/fr\/wp-json\/wp\/v2\/pages\/1171\/revisions"}],"predecessor-version":[{"id":1212,"href":"https:\/\/bellissimmo-homestagingmontreal.com\/fr\/wp-json\/wp\/v2\/pages\/1171\/revisions\/1212"}],"up":[{"embeddable":true,"href":"https:\/\/bellissimmo-homestagingmontreal.com\/fr\/wp-json\/wp\/v2\/pages\/653"}],"wp:attachment":[{"href":"https:\/\/bellissimmo-homestagingmontreal.com\/fr\/wp-json\/wp\/v2\/media?parent=1171"}],"curies":[{"name":"wp","href":"https:\/\/api.w.org\/{rel}","templated":true}]}}