{"id":1161,"date":"2020-01-26T17:57:04","date_gmt":"2020-01-26T22:57:04","guid":{"rendered":"https:\/\/bellissimmo-homestagingmontreal.com\/?page_id=1161"},"modified":"2020-01-26T18:01:24","modified_gmt":"2020-01-26T23:01:24","slug":"home-buyers","status":"publish","type":"page","link":"https:\/\/bellissimmo-homestagingmontreal.com\/fr\/how-we-work-with\/home-buyers\/","title":{"rendered":"Acheteurs"},"content":{"rendered":"<div class=\"wpb-content-wrapper\"><section class=\"wpb_row vc_row-fluid no-padding\"><div class=\"row\"><div class=\"wpb_column vc_column_container vc_col-sm-6\"><div class=\"vc_column-inner\"><div class=\"wpb_wrapper\"  >\n\t<div  class=\"wpb_single_image wpb_content_element vc_align_center wpb_content_element\">\n\t\t\n\t\t<figure class=\"wpb_wrapper vc_figure\">\n\t\t\t<div class=\"vc_single_image-wrapper   vc_box_border_grey\"><img loading=\"lazy\" decoding=\"async\" width=\"1100\" height=\"967\" src=\"https:\/\/bellissimmo-homestagingmontreal.com\/wp-content\/uploads\/2020\/01\/homebuyers.jpeg\" class=\"vc_single_image-img attachment-full\" alt=\"\" title=\"homebuyers\" srcset=\"https:\/\/bellissimmo-homestagingmontreal.com\/wp-content\/uploads\/2020\/01\/homebuyers.jpeg 1100w, https:\/\/bellissimmo-homestagingmontreal.com\/wp-content\/uploads\/2020\/01\/homebuyers-300x264.jpeg 300w, https:\/\/bellissimmo-homestagingmontreal.com\/wp-content\/uploads\/2020\/01\/homebuyers-1024x900.jpeg 1024w, https:\/\/bellissimmo-homestagingmontreal.com\/wp-content\/uploads\/2020\/01\/homebuyers-768x675.jpeg 768w, https:\/\/bellissimmo-homestagingmontreal.com\/wp-content\/uploads\/2020\/01\/homebuyers-600x527.jpeg 600w\" sizes=\"auto, (max-width: 1100px) 100vw, 1100px\" \/><\/div>\n\t\t<\/figure>\n\t<\/div>\n<\/div><\/div><\/div><div class=\"wpb_column vc_column_container vc_col-sm-6 vc_col-has-fill\"><div class=\"vc_column-inner vc_custom_1580079682117\"><div class=\"wpb_wrapper wow fadeInRight\"  >\n\t<div class=\"wpb_text_column wpb_content_element wpb_animate_when_almost_visible wpb_fadeIn fadeIn vc_custom_1580079633212\" >\n\t\t<div class=\"wpb_wrapper\">\n\t\t\t<h2 style=\"text-align: left;\">Comment aide-t'on les acheteurs?<\/h2>\n<p style=\"text-align: justify;\">La conception d\u2019un environnement qui vous est propre n\u2019est pas chose facile. Avec tout le stress du d\u00e9m\u00e9nagement, s\u2019installer et prendre le temps de designer votre espace \u00e0 votre go\u00fbt et selon votre esth\u00e9tique peut \u00eatre trop vous demander!<\/p>\n<p style=\"text-align: justify;\">C\u2019est l\u00e0 que nous pouvons vous aider ! Que se soit une pi\u00e8ce ou toute la maison, nous travaillons avec vous afin de comprendre vos besoins, votre budget et vos pr\u00e9f\u00e9rences en mati\u00e8re de style.<\/p>\n<h3 style=\"text-align: left;\">Le design \u00e0 votre port\u00e9e<\/h3>\n<p style=\"text-align: justify;\">Offrez-vous votre nouvelle maison \u00ab design\u00e9 \u00bb \u00e0 votre go\u00fbt, sans stress et pour moins que cela vous co\u00fbterait avec une grande firme de design. Nous offrons un service complet de Design int\u00e9rieurs ainsi qu\u2019un service de consultation pour ceux qui d\u00e9sirent faire le travail eux-m\u00eames.<\/p>\n<p style=\"text-align: justify;\">Nous avons de bonnes ressources en ce qui concerne les diff\u00e9rents fournisseurs de meubles et accessoires. Nous sommes d\u00e9di\u00e9s \u00e0 trouver exactement ce que vous chercher pour atteindre votre vision.<\/p>\n<h3 style=\"text-align: left;\">Comment fonctionne-t'on avec les acheteurs?<\/h3>\n<ol style=\"text-align: left;\">\n<li>Nous nous rencontrons pour vous montrer notre offre et des exemples de notre travail.<\/li>\n<li>Par la suite, nous cr\u00e9ons une \u00ab planche de tendances \u00bb fait \u00e0 partir d\u2019\u00e9chantillons.<\/li>\n<li>Nous continuons en rassemblant les diff\u00e9rents mat\u00e9riaux. Tout d\u00e9pendant de votre horaire nous pouvons magasiner ensemble ou nous pouvons le faire pour vous. Meubles, tuiles, accessoires, art, robinetteries ; peu importe vos besoins nous assurerons le r\u00e9sultat \u00e0 la hauteur de vos attentes.<\/li>\n<li>Durant le processus, qui peut \u00eatre aussi simple que r\u00e9organiser votre espace \u00e0 l\u2019aide de vos biens existants ou de nouveaux achats, ou nous coordonnerons et superviserons des travaux mineurs, tout d\u00e9pend de vos besoins.<\/li>\n<li>Replacer et \u00abstaging\u00bb final de chaque pi\u00e8ce.<\/li>\n<li>Apporter les touches finales.<\/li>\n<\/ol>\n<p style=\"text-align: left;\">Dites-nous-en plus sur vos projets et <strong><a href=\"https:\/\/bellissimmo-homestagingmontreal.com\/fr\/contact\/\">allons de l\u2019avant!<\/a><\/strong>!<\/p>\n\n\t\t<\/div>\n\t<\/div>\n<\/div><\/div><\/div><\/div><\/section>\n<\/div>","protected":false},"excerpt":{"rendered":"What we do for home buyers Creating the right look and feel in your new home isn\u2019t always easy. With all the stress of a move, and getting settled in, taking the time to design your space to meet your aesthetic and functional needs can be near impossible\u2026 That\u2019s where we come in! Whether we\u2019re [...]","protected":false},"author":1,"featured_media":0,"parent":653,"menu_order":0,"comment_status":"closed","ping_status":"closed","template":"page-templates\/template-fullwidth.php","meta":{"nf_dc_page":"","om_disable_all_campaigns":false,"footnotes":""},"class_list":["post-1161","page","type-page","status-publish","hentry"],"_links":{"self":[{"href":"https:\/\/bellissimmo-homestagingmontreal.com\/fr\/wp-json\/wp\/v2\/pages\/1161","targetHints":{"allow":["GET"]}}],"collection":[{"href":"https:\/\/bellissimmo-homestagingmontreal.com\/fr\/wp-json\/wp\/v2\/pages"}],"about":[{"href":"https:\/\/bellissimmo-homestagingmontreal.com\/fr\/wp-json\/wp\/v2\/types\/page"}],"author":[{"embeddable":true,"href":"https:\/\/bellissimmo-homestagingmontreal.com\/fr\/wp-json\/wp\/v2\/users\/1"}],"replies":[{"embeddable":true,"href":"https:\/\/bellissimmo-homestagingmontreal.com\/fr\/wp-json\/wp\/v2\/comments?post=1161"}],"version-history":[{"count":5,"href":"https:\/\/bellissimmo-homestagingmontreal.com\/fr\/wp-json\/wp\/v2\/pages\/1161\/revisions"}],"predecessor-version":[{"id":1170,"href":"https:\/\/bellissimmo-homestagingmontreal.com\/fr\/wp-json\/wp\/v2\/pages\/1161\/revisions\/1170"}],"up":[{"embeddable":true,"href":"https:\/\/bellissimmo-homestagingmontreal.com\/fr\/wp-json\/wp\/v2\/pages\/653"}],"wp:attachment":[{"href":"https:\/\/bellissimmo-homestagingmontreal.com\/fr\/wp-json\/wp\/v2\/media?parent=1161"}],"curies":[{"name":"wp","href":"https:\/\/api.w.org\/{rel}","templated":true}]}}