{"id":1144,"date":"2020-01-26T17:23:45","date_gmt":"2020-01-26T22:23:45","guid":{"rendered":"https:\/\/bellissimmo-homestagingmontreal.com\/?page_id=1144"},"modified":"2020-01-30T17:28:48","modified_gmt":"2020-01-30T22:28:48","slug":"home-sellers","status":"publish","type":"page","link":"https:\/\/bellissimmo-homestagingmontreal.com\/fr\/how-we-work-with\/home-sellers\/","title":{"rendered":"Propri\u00e9taires de maison"},"content":{"rendered":"<div class=\"wpb-content-wrapper\"><section class=\"wpb_row vc_row-fluid no-padding\"><div class=\"row\"><div class=\"wpb_column vc_column_container vc_col-sm-6\"><div class=\"vc_column-inner\"><div class=\"wpb_wrapper\"  >\n\t<div  class=\"wpb_single_image wpb_content_element vc_align_center wpb_content_element\">\n\t\t\n\t\t<figure class=\"wpb_wrapper vc_figure\">\n\t\t\t<div class=\"vc_single_image-wrapper   vc_box_border_grey\"><img loading=\"lazy\" decoding=\"async\" width=\"1100\" height=\"1100\" src=\"https:\/\/bellissimmo-homestagingmontreal.com\/wp-content\/uploads\/2020\/01\/homeseller.jpeg\" class=\"vc_single_image-img attachment-full\" alt=\"\" title=\"homeseller\" srcset=\"https:\/\/bellissimmo-homestagingmontreal.com\/wp-content\/uploads\/2020\/01\/homeseller.jpeg 1100w, https:\/\/bellissimmo-homestagingmontreal.com\/wp-content\/uploads\/2020\/01\/homeseller-300x300.jpeg 300w, https:\/\/bellissimmo-homestagingmontreal.com\/wp-content\/uploads\/2020\/01\/homeseller-1024x1024.jpeg 1024w, https:\/\/bellissimmo-homestagingmontreal.com\/wp-content\/uploads\/2020\/01\/homeseller-150x150.jpeg 150w, https:\/\/bellissimmo-homestagingmontreal.com\/wp-content\/uploads\/2020\/01\/homeseller-768x768.jpeg 768w, https:\/\/bellissimmo-homestagingmontreal.com\/wp-content\/uploads\/2020\/01\/homeseller-600x600.jpeg 600w, https:\/\/bellissimmo-homestagingmontreal.com\/wp-content\/uploads\/2020\/01\/homeseller-100x100.jpeg 100w\" sizes=\"auto, (max-width: 1100px) 100vw, 1100px\" \/><\/div>\n\t\t<\/figure>\n\t<\/div>\n<\/div><\/div><\/div><div class=\"wpb_column vc_column_container vc_col-sm-6 vc_col-has-fill\"><div class=\"vc_column-inner vc_custom_1580078796068\"><div class=\"wpb_wrapper wow fadeInRight\"  >\n\t<div class=\"wpb_text_column wpb_content_element wpb_animate_when_almost_visible wpb_fadeIn fadeIn vc_custom_1580423326135\" >\n\t\t<div class=\"wpb_wrapper\">\n\t\t\t<h2>Comment aide-t'on les propri\u00e9taires de maison?<\/h2>\n<p style=\"text-align: justify;\">Vendre une maison peut \u00eatre une exp\u00e9rience stressante, cela sans m\u00eame avoir pens\u00e9 \u00e0 tout le travail que cela implique pour la rendre au go\u00fbt du jour! Si d\u00e9sencombrer et emballer vos pr\u00e9cieux souvenirs est un combat, ou si votre maison ne se vend simplement pas, il est pr\u00e9f\u00e9rable de travailler avec des professionnels qui connaissent le march\u00e9 et peut vous guider.<\/p>\n<p style=\"text-align: justify;\">Les gens sous-estiment souvent l\u2019anxi\u00e9t\u00e9 qui \u00e9mane du processus de vente et le d\u00e9couragement qui peut survenir lors du m\u00e9nage interminable de votre sous-sol. Il est difficile de se retrousser les manches et se donner \u00e0 c\u0153ur joie \u00e0 cette obligation qui vous replongent dans des ann\u00e9es de souvenirs.<\/p>\n<h3>Rendre votre maison plus attrayante<\/h3>\n<p style=\"text-align: justify;\">Nous venons \u00e0 votre aide en d\u00e9m\u00ealant le tout afin que vous puissiez prendre des d\u00e9cisions plus ais\u00e9ment. Nous savons comment travailler dans de courts d\u00e9lais tout en vous apportant soutient et soulagement afin de vous lib\u00e9rez de tout tracas.<\/p>\n<p style=\"text-align: justify;\">Nous aidons aussi \u00e0 adapter votre d\u00e9cor \u00e0 un bassin plus large d\u2019acheteurs. Parfois notre environnement est tr\u00e8s repr\u00e9sentatif de qui nous sommes, cela fait en sorte que les acheteurs potentiels parviennent difficilement \u00e0 se voir vivre chez vous. Nous cr\u00e9ons donc une toile vierge qui laisse libre cour \u00e0 leur imagination. Il se peut que votre maison ait des \u00ab d\u00e9fauts \u00bb tel que de petits espaces ou des racoins. Nous travaillons pour \u00ab stager \u00bb ces espaces afin que les gens en voient le plein potentiel au lieu de leurs inconv\u00e9nients.<\/p>\n<h3>En bout de ligne<\/h3>\n<p style=\"text-align: justify;\">Le \u00abhome staging\u00bb et le \u00abrelooking\u00bb, statistiquement parlant, permet d\u2019aller chercher de meilleurs offres et un prix de vente plus \u00e9lev\u00e9.  Donc, si vous chercher \u00e0 obtenir le meilleur rendement avec votre maison, laissez-nous savoir.<\/p>\n<h3>Comment fonctionne-t'on avec les propri\u00e9taires?<\/h3>\n<ol>\n<li>Nous nous rencontrons pour \u00e9valuer vos besoins et vous montrer des exemples de notre travail.<\/li>\n<li>Si votre maison est vide, on proc\u00e8de imm\u00e9diatement au \u00abstaging\u00bb. Si vos biens personnels sont encore en place, il se peut que nous commencions par le \u00abrelooking\u00bb.<\/li>\n<li>Nous louons et\/ou entreposons les meubles n\u00e9cessaires pour le \u00abstaging\u00bb.<\/li>\n<li>Nous apportons la touche finale pour les photos des agents ainsi que pour les visites.<\/li>\n<\/ol>\n<p><strong><a href=\"https:\/\/bellissimmo-homestagingmontreal.com\/fr\/contact\/\">Contactez-nous<\/a><\/strong> et faites-nous part de vos besoins.<\/p>\n\n\t\t<\/div>\n\t<\/div>\n<\/div><\/div><\/div><\/div><\/section>\n<\/div>","protected":false},"excerpt":{"rendered":"What we do for home sellers Selling a home can be an incredibly stressful experience, even before you start thinking of all the extra work you need to do to get your property looking its best! If you\u2019re struggling to declutter or pack up years of precious keepsakes, or if your home just isn\u2019t selling [...]","protected":false},"author":1,"featured_media":0,"parent":653,"menu_order":0,"comment_status":"closed","ping_status":"closed","template":"page-templates\/template-fullwidth.php","meta":{"nf_dc_page":"","om_disable_all_campaigns":false,"footnotes":""},"class_list":["post-1144","page","type-page","status-publish","hentry"],"_links":{"self":[{"href":"https:\/\/bellissimmo-homestagingmontreal.com\/fr\/wp-json\/wp\/v2\/pages\/1144","targetHints":{"allow":["GET"]}}],"collection":[{"href":"https:\/\/bellissimmo-homestagingmontreal.com\/fr\/wp-json\/wp\/v2\/pages"}],"about":[{"href":"https:\/\/bellissimmo-homestagingmontreal.com\/fr\/wp-json\/wp\/v2\/types\/page"}],"author":[{"embeddable":true,"href":"https:\/\/bellissimmo-homestagingmontreal.com\/fr\/wp-json\/wp\/v2\/users\/1"}],"replies":[{"embeddable":true,"href":"https:\/\/bellissimmo-homestagingmontreal.com\/fr\/wp-json\/wp\/v2\/comments?post=1144"}],"version-history":[{"count":6,"href":"https:\/\/bellissimmo-homestagingmontreal.com\/fr\/wp-json\/wp\/v2\/pages\/1144\/revisions"}],"predecessor-version":[{"id":1260,"href":"https:\/\/bellissimmo-homestagingmontreal.com\/fr\/wp-json\/wp\/v2\/pages\/1144\/revisions\/1260"}],"up":[{"embeddable":true,"href":"https:\/\/bellissimmo-homestagingmontreal.com\/fr\/wp-json\/wp\/v2\/pages\/653"}],"wp:attachment":[{"href":"https:\/\/bellissimmo-homestagingmontreal.com\/fr\/wp-json\/wp\/v2\/media?parent=1144"}],"curies":[{"name":"wp","href":"https:\/\/api.w.org\/{rel}","templated":true}]}}