{"id":1100,"date":"2020-01-26T16:13:21","date_gmt":"2020-01-26T21:13:21","guid":{"rendered":"https:\/\/bellissimmo-homestagingmontreal.com\/?page_id=1100"},"modified":"2020-01-30T17:11:22","modified_gmt":"2020-01-30T22:11:22","slug":"contractors","status":"publish","type":"page","link":"https:\/\/bellissimmo-homestagingmontreal.com\/fr\/how-we-work-with\/contractors\/","title":{"rendered":"Contracteurs"},"content":{"rendered":"<div class=\"wpb-content-wrapper\"><section class=\"wpb_row vc_row-fluid no-padding\"><div class=\"row\"><div class=\"wpb_column vc_column_container vc_col-sm-6\"><div class=\"vc_column-inner\"><div class=\"wpb_wrapper\"  >\n\t<div  class=\"wpb_single_image wpb_content_element vc_align_center wpb_content_element\">\n\t\t\n\t\t<figure class=\"wpb_wrapper vc_figure\">\n\t\t\t<div class=\"vc_single_image-wrapper   vc_box_border_grey\"><img loading=\"lazy\" decoding=\"async\" width=\"1100\" height=\"1100\" src=\"https:\/\/bellissimmo-homestagingmontreal.com\/wp-content\/uploads\/2020\/01\/contractors-1.jpeg\" class=\"vc_single_image-img attachment-full\" alt=\"\" title=\"contractors-1\" srcset=\"https:\/\/bellissimmo-homestagingmontreal.com\/wp-content\/uploads\/2020\/01\/contractors-1.jpeg 1100w, https:\/\/bellissimmo-homestagingmontreal.com\/wp-content\/uploads\/2020\/01\/contractors-1-300x300.jpeg 300w, https:\/\/bellissimmo-homestagingmontreal.com\/wp-content\/uploads\/2020\/01\/contractors-1-1024x1024.jpeg 1024w, https:\/\/bellissimmo-homestagingmontreal.com\/wp-content\/uploads\/2020\/01\/contractors-1-150x150.jpeg 150w, https:\/\/bellissimmo-homestagingmontreal.com\/wp-content\/uploads\/2020\/01\/contractors-1-768x768.jpeg 768w, https:\/\/bellissimmo-homestagingmontreal.com\/wp-content\/uploads\/2020\/01\/contractors-1-600x600.jpeg 600w, https:\/\/bellissimmo-homestagingmontreal.com\/wp-content\/uploads\/2020\/01\/contractors-1-100x100.jpeg 100w\" sizes=\"auto, (max-width: 1100px) 100vw, 1100px\" \/><\/div>\n\t\t<\/figure>\n\t<\/div>\n<\/div><\/div><\/div><div class=\"wpb_column vc_column_container vc_col-sm-6 vc_col-has-fill\"><div class=\"vc_column-inner vc_custom_1580078796068\"><div class=\"wpb_wrapper wow fadeInRight\"  >\n\t<div class=\"wpb_text_column wpb_content_element wpb_animate_when_almost_visible wpb_fadeIn fadeIn vc_custom_1580422278944\" >\n\t\t<div class=\"wpb_wrapper\">\n\t\t\t<h2>Ce qu\u2019on apporte aux contracteurs<\/h2>\n<p style=\"text-align: justify;\">Que vous construisiez ou r\u00e9noviez la propri\u00e9t\u00e9 de vos clients, pour ces derniers cela peut \u00eatre une p\u00e9riode extr\u00eamement stressante puisqu\u2019ils doivent vous avancer des fonds en plus d\u2019apporter des changements \u00e0 leur espace vie n\u00e9cessaire pour un d\u00e9m\u00e9nagement r\u00e9ussi.<\/p>\n<p style=\"text-align: justify;\">Nous vous permettons de vous concentrer sur la livraison de votre mandat, pendant que nous aidons vos clients \u00e0 se pr\u00e9parer \u00e0 la prochaine \u00e9tape. En leur fournissant un service cl\u00e9 en main vous ajoutez une plus value \u00e0 votre offre de service tout en aidant vos clients \u00e0 faire la transition \u00e0 t\u00eate repos\u00e9e.<\/p>\n<h3>Soutien aux propri\u00e9taires<\/h3>\n<p style=\"text-align: justify;\">Il se peut que certains clients assument les frais de deux propri\u00e9t\u00e9s en m\u00eame temps, se qui peut les rendre anxieux. Vers la fin du projet vient le temps o\u00f9 vendre une des deux propri\u00e9t\u00e9s devient pressant, d\u2019o\u00f9 l\u2019importance d\u2019orchestrer un \u00ab Home Staging \u00bb avec la fin des travaux de r\u00e9novation. Peu importe le cas, nous fournissons les services dont vos clients ont besoin : emballage, d\u00e9sencombrement, \u00ab staging \u00bb ou designer leur espace.<\/p>\n<h3>Comment fonctionne-t'on avec les contracteurs?<\/h3>\n<ol>\n<li>Nous nous rencontrons pour vous montrer notre offre et des exemples de notre travail.<\/li>\n<li>Nous prenons en note vos besoins et ceux des propri\u00e9taires en mati\u00e8re de \u00ab Relooking \u00bb, \u00ab Staging \u00bb ou consultation.<\/li>\n<li>Une fois vos clients rencontr\u00e9s, nous leur fournissons une consultation afin d\u2019\u00e9valuer leurs besoins et les pr\u00e9parer \u00e0 leur d\u00e9m\u00e9nagement et\/ou vente.<\/li>\n<\/ol>\n<p><strong><a href=\"https:\/\/bellissimmo-homestagingmontreal.com\/fr\/contact\/\">Contactez-nous<\/a><\/strong> afin de discuter de vos besoins ainsi que ceux de vos clients.<\/p>\n\n\t\t<\/div>\n\t<\/div>\n<\/div><\/div><\/div><\/div><\/section>\n<\/div>","protected":false},"excerpt":{"rendered":"What we do for contractors Whether you\u2019re building or renovating their home or another property, it can be an extremely stressful time for your clients as they front the budget for work and make the life changes necessary to prepare their spaces for a move. We let you focus on completing your project while we [...]","protected":false},"author":1,"featured_media":0,"parent":653,"menu_order":0,"comment_status":"closed","ping_status":"closed","template":"page-templates\/template-fullwidth.php","meta":{"nf_dc_page":"","om_disable_all_campaigns":false,"footnotes":""},"class_list":["post-1100","page","type-page","status-publish","hentry"],"_links":{"self":[{"href":"https:\/\/bellissimmo-homestagingmontreal.com\/fr\/wp-json\/wp\/v2\/pages\/1100","targetHints":{"allow":["GET"]}}],"collection":[{"href":"https:\/\/bellissimmo-homestagingmontreal.com\/fr\/wp-json\/wp\/v2\/pages"}],"about":[{"href":"https:\/\/bellissimmo-homestagingmontreal.com\/fr\/wp-json\/wp\/v2\/types\/page"}],"author":[{"embeddable":true,"href":"https:\/\/bellissimmo-homestagingmontreal.com\/fr\/wp-json\/wp\/v2\/users\/1"}],"replies":[{"embeddable":true,"href":"https:\/\/bellissimmo-homestagingmontreal.com\/fr\/wp-json\/wp\/v2\/comments?post=1100"}],"version-history":[{"count":5,"href":"https:\/\/bellissimmo-homestagingmontreal.com\/fr\/wp-json\/wp\/v2\/pages\/1100\/revisions"}],"predecessor-version":[{"id":1259,"href":"https:\/\/bellissimmo-homestagingmontreal.com\/fr\/wp-json\/wp\/v2\/pages\/1100\/revisions\/1259"}],"up":[{"embeddable":true,"href":"https:\/\/bellissimmo-homestagingmontreal.com\/fr\/wp-json\/wp\/v2\/pages\/653"}],"wp:attachment":[{"href":"https:\/\/bellissimmo-homestagingmontreal.com\/fr\/wp-json\/wp\/v2\/media?parent=1100"}],"curies":[{"name":"wp","href":"https:\/\/api.w.org\/{rel}","templated":true}]}}