{"id":110,"date":"2017-09-13T04:15:48","date_gmt":"2017-09-13T04:15:48","guid":{"rendered":"http:\/\/demo.archiwp.com\/fresh-version\/?page_id=110"},"modified":"2020-02-13T15:47:09","modified_gmt":"2020-02-13T20:47:09","slug":"about","status":"publish","type":"page","link":"https:\/\/bellissimmo-homestagingmontreal.com\/fr\/about\/","title":{"rendered":"About"},"content":{"rendered":"<div class=\"wpb-content-wrapper\"><section class=\"wpb_row vc_row-fluid side-bg no-padding vc_custom_1579911172181 vc_row-has-fill full-height no-padding\"><div class=\"row\"><div class=\"wpb_column vc_column_container vc_col-sm-12\"><div class=\"vc_column-inner\"><div class=\"wpb_wrapper \"  >\t<!-- Element: OT Quick Office -->\n\t<div class=\"side-bg\">\n\n\t\t<div class=\"image-container hidden-xs pull-left col-md-6\" style=\"background-image:url(https:\/\/bellissimmo-homestagingmontreal.com\/wp-content\/uploads\/2020\/01\/L3-scaled.jpeg); ?>\" data-delay=\"0\"><\/div>\n\n\t\t<!-- Added this code in 26\/03\/2019 -->\n\t\t<img decoding=\"async\" class=\"visible-xs img-responsive\" src=\"https:\/\/bellissimmo-homestagingmontreal.com\/wp-content\/uploads\/2020\/01\/L3-scaled.jpeg\" \/>\n\n        <div class=\"container\">\n            <div class=\"row\">\n                <div class=\"inner-padding\">\n                    <div class=\"col-md-5 col-md-offset-7 wow fadeInRight\" data-wow-delay=\".2s\">\n                        <h2>Les Int\u00e9rieurs Belliss\u2019Immo<\/h2><br\/>\n                        <\/p>\n<p class=\"lead\" style=\"text-align: justify;\">Founded in 2015, we specialize in \u200b<strong>home staging<\/strong>, <strong>relooking<\/strong>\u200b and <strong>interior design<\/strong>\u00a0to help our clients sell, rent or settle in faster!<\/p>\n<p class=\"lead\" style=\"text-align: justify;\">When you book a consultation with us, we discuss your needs and our options. Once we have our plan, we set everything in motion so that you can focus on your move or your listings, while we take care of the space!\u00a0Consult our <strong><a href=\"https:\/\/bellissimmo-homestagingmontreal.com\/services\/\">services<\/a><\/strong> to know more on what we do and to start visualizing your project.<\/p>\n<p class=\"lead\">We create spaces that are :<\/p>\n<h2><span style=\"color: #595959;\">inviting \u00a0<span style=\"color: #fab207;\"><strong>\u2022\u00a0<\/strong><\/span> chic \u00a0<span style=\"color: #fab207;\"><strong>\u2022\u00a0<\/strong><\/span> airy \u00a0<span style=\"color: #fab207;\"><strong>\u2022\u00a0<\/strong><\/span> simple<\/span><\/h2>\n<p>                    <\/div>\n                    <div class=\"clearfix\"><\/div>\n                <\/div>\n            <\/div>\n        <\/div>\n\t<\/div>\n\n<\/div><\/div><\/div><div class=\"wpb_column vc_column_container vc_col-sm-12 vc_col-has-fill\"><div class=\"vc_column-inner vc_custom_1579911148500\"><div class=\"wpb_wrapper \"  ><\/div><\/div><\/div><\/div><\/section><section class=\"wpb_row vc_row-fluid side-bg no-padding vc_custom_1579656802745 vc_row-has-fill vc_row-o-equal-height vc_row-o-content-top vc_row-flex\"><div class=\"container\"><div class=\"row\"><div class=\"wpb_column vc_column_container vc_col-sm-4\"><div class=\"vc_column-inner\"><div class=\"wpb_wrapper \"  >\n\t<div  class=\"wpb_single_image wpb_content_element vc_align_center wpb_content_element wpb_animate_when_almost_visible wpb_fadeInLeft fadeInLeft vc_custom_1579653890856\">\n\t\t\n\t\t<figure class=\"wpb_wrapper vc_figure\">\n\t\t\t<div class=\"vc_single_image-wrapper vc_box_circle  vc_box_border_grey\"><img loading=\"lazy\" decoding=\"async\" width=\"628\" height=\"635\" src=\"https:\/\/bellissimmo-homestagingmontreal.com\/wp-content\/uploads\/2020\/01\/stephanieg.jpeg\" class=\"vc_single_image-img attachment-full\" alt=\"\" title=\"stephanieg\" srcset=\"https:\/\/bellissimmo-homestagingmontreal.com\/wp-content\/uploads\/2020\/01\/stephanieg.jpeg 628w, https:\/\/bellissimmo-homestagingmontreal.com\/wp-content\/uploads\/2020\/01\/stephanieg-297x300.jpeg 297w, https:\/\/bellissimmo-homestagingmontreal.com\/wp-content\/uploads\/2020\/01\/stephanieg-600x607.jpeg 600w, https:\/\/bellissimmo-homestagingmontreal.com\/wp-content\/uploads\/2020\/01\/stephanieg-100x100.jpeg 100w\" sizes=\"auto, (max-width: 628px) 100vw, 628px\" \/><\/div>\n\t\t<\/figure>\n\t<\/div>\n<\/div><\/div><\/div><div class=\"wpb_column vc_column_container vc_col-sm-8\"><div class=\"vc_column-inner vc_custom_1579654095479\"><div class=\"wpb_wrapper \"  >\n\t<div class=\"wpb_text_column wpb_content_element\" >\n\t\t<div class=\"wpb_wrapper\">\n\t\t\t<h2><strong>St\u00e9phanie Gauthier<\/strong><br \/>\n<span style=\"color: #fab207;\"> \u2014<\/span> Founder of Les Int\u00e9rieurs Belliss\u2019Immo<\/h2>\n<p style=\"text-align: justify;\">St\u00e9phanie was born and raised in Montreal, where she studied at Coll\u00e8ge Lasalle and Universit\u00e9 de Sherbrooke. Growing up, she always loved everything about real estate, from architecture to interior design.<\/p>\n<p style=\"text-align: justify;\">She was inspired to start flipping houses, and learned through real-life experience how staged properties sold for much more than when they were empty. She met up with one of the first home stagers in Montreal, who taught her the ropes for home staging so she could increase the value of her properties.<\/p>\n<h3>A New Calling<\/h3>\n<p style=\"text-align: justify;\">Based on all this experience St\u00e9phanie realized there was a growing need for staging services in Montreal so she started Interieurs Belliss\u2019Immo to help homeowners sell faster and for better selling prices. She has a wide network of contacts in the space, and loves meeting and collaborating with people from real estate agents to contractors and home buyers looking to decorate their new space.<\/p>\n<p style=\"text-align: left;\">She loves helping people during what can be one of the most stressful times in their lives (home sale and move), reliving those burdens on families to declutter or sell a home faster is what motivates her every day.<\/p>\n<h3>Inspiration<\/h3>\n<p style=\"text-align: justify;\">St\u00e9phanie is passionate about design, architecture, travel, cooking, knitting, psychology, motorbiking, and checking Instagram and Pinterest for great new ideas and inspiration!<\/p>\n<h3>Her favorite quotes are:<\/h3>\n<pre style=\"text-align: center;\"><strong>\u201cThe only way to make sense out of change is to plunge into it, move with it and join the dance.\u201d<\/strong>\r\n- \u00a0Allan Watts<\/pre>\n<pre style=\"text-align: center;\"><strong>\u201cEvery new beginning comes from some other beginning's end.\u201d<\/strong>\r\n-\u00a0Seneca<\/pre>\n<p>&nbsp;<\/p>\n<p>If you\u2019d like to work with St\u00e9phanie or find out more, feel free to <strong><a href=\"https:\/\/bellissimmo-homestagingmontreal.com\/contact\/\">reach out<\/a><\/strong> \u2013 she\u2019d love to hear from you!<\/p>\n\n\t\t<\/div>\n\t<\/div>\n<\/div><\/div><\/div><\/div><\/div><\/section><section class=\"wpb_row vc_row-fluid text-light bg-fixed vc_custom_1579933620083 vc_row-has-fill\"><div class=\"container\"><div class=\"row\"><div class=\"wpb_column vc_column_container vc_col-sm-12\"><div class=\"vc_column-inner\"><div class=\"wpb_wrapper wow fadeInUp\"  >\n\t<!-- Element: OT Heading --> \t \n\t<h1 class=\"ot_custom_heading  \" style=\"text-align: center;color: #ffffff;\" >Customer Says<\/h1>\t\n\t<!-- Element: OT Line solid --> \t \n\t<div class=\" separator \"><span><i class=\"fa fa-circle\"><\/i><\/span><\/div>\n\t<div class=\"spacer-single\"><\/div>\t      \n<\/div><\/div><\/div><div class=\"wpb_column vc_column_container vc_col-sm-12\"><div class=\"vc_column-inner\"><div class=\"wpb_wrapper \"  >\t<!-- Element: OT Testimonial Silder -->\t\n\t<div id=\"testimonial-carousel-69ff684f5421b\" class=\"de_carousel  wow fadeInUp\" data-wow-delay=\".3s\">\n\t        <div class=\"col-md-6 item\">\n            <div class=\"de_testi\">\n                <blockquote>\n                    <p>J&#8217;ai rencontr\u00e9 St\u00e9phanie pour la mise en vente de ma maison qui avait besoin d&#8217;\u00eatre d\u00e9sencombr\u00e9e et remise au go\u00fbt du jour. En quelques mots: Rapidit\u00e9. Efficacit\u00e9. Fiabilit\u00e9. Simple et clean chez Int\u00e9rieurs Belliss&#8217;immo. Maintenant, je voudrais qu\u2019elle s\u2019occupe de ma vie au complet!<\/p>\n                    <div class=\"de_testi_by no-margin\">\n\n                    \t\n\t\t\t\t\t\t<div >\n                        \tCatherine Duhamel, cliente                        <\/div>\n\n                    <\/div>\n                <\/blockquote>\n\n            <\/div>\n        <\/div>\n                <div class=\"col-md-6 item\">\n            <div class=\"de_testi\">\n                <blockquote>\n                    <p>Nous avons utilis\u00e9 les services des Int\u00e9rieurs Bellissimo \u00e0 deux reprises et nous avons vraiment appr\u00e9ci\u00e9 leur professionnalisme, rigueur et \u00e0 quel point ils avaient rendus nos int\u00e9rieurs beaux, invitant et chaleureux. La vente de nos appartements a \u00e9t\u00e9 rendue possible plus rapidement \u00e0 cause de la beaut\u00e9 des d\u00e9cors procur\u00e9s par eux. Nous les recommandons fortement et n\u2019h\u00e9siterons pas \u00e0 utiliser encore leurs services.<\/p>\n                    <div class=\"de_testi_by no-margin\">\n\n                    \t\n\t\t\t\t\t\t<div >\n                        \tDominique Bourduas, cliente                        <\/div>\n\n                    <\/div>\n                <\/blockquote>\n\n            <\/div>\n        <\/div>\n                <div class=\"col-md-6 item\">\n            <div class=\"de_testi\">\n                <blockquote>\n                    <p>Merci St\u00e9phanie pour les services Bellissimmo re\u00e7us sur mes projets Wilson, Atwater 1 et Atwater 2. Sans votre aide, la qualit\u00e9 des rendus et surtout votre sens artistique hors du commun, les projets de <em>Concept Planigram<\/em> ne se seraient probablement pas vendus aussi rapidement, ni aux prix offerts! Nous avons toujours d\u00e9pass\u00e9 nos projections !!!<br \/>\n\u00c0 bient\u00f4t pour le prochain projet !<\/p>\n                    <div class=\"de_testi_by no-margin\">\n\n                    \t\n\t\t\t\t\t\t<div >\n                        \tVal\u00e9rie Gagnon, collaboration flipping                        <\/div>\n\n                    <\/div>\n                <\/blockquote>\n\n            <\/div>\n        <\/div>\n                <div class=\"col-md-6 item\">\n            <div class=\"de_testi\">\n                <blockquote>\n                    <p>Lorsque j&#8217;ai mis en vente mon appartement en janvier 2016, j&#8217;ai fait appel aux services de St\u00e9phanie Gauthier pour s&#8217;occuper de la d\u00e9coration. J&#8217;ai vendu deux semaines plus tard. St\u00e9phanie a trouv\u00e9 la fa\u00e7on de mettre en valeur les qualit\u00e9s de mon appartement et de lui donner un attrait particulier qui a charm\u00e9 mes visiteurs. Je recommande son agence sans h\u00e9siter \u00e0 tous ceux qui recherchent une d\u00e9coratrice efficace et bien au courant des tendances actuelles.<\/p>\n                    <div class=\"de_testi_by no-margin\">\n\n                    \t\n\t\t\t\t\t\t<div >\n                        \tMichel Forest, client                        <\/div>\n\n                    <\/div>\n                <\/blockquote>\n\n            <\/div>\n        <\/div>\n                <div class=\"col-md-6 item\">\n            <div class=\"de_testi\">\n                <blockquote>\n                    <p>J&#8217;ai eu le plaisir et aussi la chance de travailler avec St\u00e9phanie Gauthier tout r\u00e9cemment. \u2014 Nous avions vraiment besoin de l&#8217;aide pour vider et &#8220;stager&#8221; notre maison. Quand notre agent d&#8217;immeuble a dit: \u00abFaudrait prendre des photos et mettre la maison sur le march\u00e9 dans deux semaines, nous avons dit <em>Au secours!<\/em>\u00bb. Il nous a donn\u00e9 le nom de St\u00e9phanie et elle a fait des miracles. Deux semaines plus tard, plusieurs pi\u00e8ces \u00e9taient repeintes et elles \u00e9taient d\u00e9gag\u00e9es. \u2014 Pour d\u00e9corer, elle a jug\u00e9 qu&#8217;on avait des belles choses pour faire le n\u00e9cessaire! Puis, St\u00e9phanie nous a donn\u00e9 des contacts utiles, comme un horloger qui va mettre notre horloge grand-p\u00e8re antique \u00e0 neuf, un organisme qui est venu cueillir nos vieux meubles pour les apporter l\u00e0 o\u00f9 ils seraient appr\u00e9ci\u00e9s &amp; un \u00e9lectricien pour faire des petites r\u00e9parations.<\/p>\n<p>St\u00e9phanie est efficace et elle sait ce qu&#8217;elle fait. Et, dans notre cas, elle l&#8217;a m\u00eame fait dans un temps record et pour moins que son estimation initiale. R\u00e9sultat: notre maison s&#8217;est vendue dans le mois. Merci St\u00e9phanie et Sara pour votre beau travail, avec sourire m\u00eame dans les moments plus difficiles.<\/p>\n                    <div class=\"de_testi_by no-margin\">\n\n                    \t\n\t\t\t\t\t\t<div >\n                        \tMe Jane Meagher, cliente                        <\/div>\n\n                    <\/div>\n                <\/blockquote>\n\n            <\/div>\n        <\/div>\n            <\/div>\n    <script type=\"text\/javascript\">\n    \tjQuery(document).ready(function() {\t\t\n\t\t\t'use strict';\n\t\t\tjQuery(\"#testimonial-carousel-69ff684f5421b\").owlCarousel({\n\t\t\t    items : 1,\n\t\t\t\titemsDesktop : [1199,2],\n\t\t\t\titemsDesktopSmall : [980,2],\n\t\t\t    itemsTablet: [768,1],\n\t\t\t    itemsTabletSmall: false,\n\t\t\t    itemsMobile : [479,1],\n\t\t\t    navigation : false,\n\t\t\t\tautoHeight : true,\n\t\t\t\tautoPlay : false,\n\t\t\t\tslideSpeed : 1000,\n\t\t        paginationSpeed : 1800,\n\t\t        rewindSpeed : 1000,\n\t\t   \t\tnavigationText : ['', ''],\n\t\t    });\n\t\t});\n    <\/script>\n<\/div><\/div><\/div><\/div><\/div><\/section>\n<\/div>","protected":false},"excerpt":{"rendered":"J'ai eu le plaisir et aussi la chance de travailler avec St\u00e9phanie Gauthier tout r\u00e9cemment. \u2014 Nous avions vraiment besoin de l'aide pour vider et \"stager\" notre maison. Quand notre agent d'immeuble a dit: \u00abFaudrait prendre des photos et mettre la maison sur le march\u00e9 dans deux semaines, nous avons dit Au secours!\u00bb. Il nous [...]","protected":false},"author":1,"featured_media":0,"parent":0,"menu_order":0,"comment_status":"closed","ping_status":"closed","template":"page-templates\/template-fullwidth.php","meta":{"nf_dc_page":"","om_disable_all_campaigns":false,"footnotes":""},"class_list":["post-110","page","type-page","status-publish","hentry"],"_links":{"self":[{"href":"https:\/\/bellissimmo-homestagingmontreal.com\/fr\/wp-json\/wp\/v2\/pages\/110","targetHints":{"allow":["GET"]}}],"collection":[{"href":"https:\/\/bellissimmo-homestagingmontreal.com\/fr\/wp-json\/wp\/v2\/pages"}],"about":[{"href":"https:\/\/bellissimmo-homestagingmontreal.com\/fr\/wp-json\/wp\/v2\/types\/page"}],"author":[{"embeddable":true,"href":"https:\/\/bellissimmo-homestagingmontreal.com\/fr\/wp-json\/wp\/v2\/users\/1"}],"replies":[{"embeddable":true,"href":"https:\/\/bellissimmo-homestagingmontreal.com\/fr\/wp-json\/wp\/v2\/comments?post=110"}],"version-history":[{"count":5,"href":"https:\/\/bellissimmo-homestagingmontreal.com\/fr\/wp-json\/wp\/v2\/pages\/110\/revisions"}],"predecessor-version":[{"id":1273,"href":"https:\/\/bellissimmo-homestagingmontreal.com\/fr\/wp-json\/wp\/v2\/pages\/110\/revisions\/1273"}],"wp:attachment":[{"href":"https:\/\/bellissimmo-homestagingmontreal.com\/fr\/wp-json\/wp\/v2\/media?parent=110"}],"curies":[{"name":"wp","href":"https:\/\/api.w.org\/{rel}","templated":true}]}}